{"id":5157,"date":"2025-01-07T09:09:03","date_gmt":"2025-01-07T09:09:03","guid":{"rendered":"https:\/\/www.fondazionesantarita.org\/chi-siamo\/la-fondazione"},"modified":"2026-03-06T14:37:28","modified_gmt":"2026-03-06T14:37:28","slug":"la-fundacion","status":"publish","type":"page","link":"https:\/\/www.fondazionesantarita.org\/es\/quienes-somos\/la-fundacion","title":{"rendered":"La Fundaci\u00f3n"},"content":{"rendered":"\n<h2 class=\"wp-block-heading\"><strong>El v\u00ednculo entre el Monasterio y la Fundaci\u00f3n Santa Rita de Casia<\/strong><\/h2>\n\n\n\n<p>El Monasterio de Santa Rita de Casia es el lugar donde la Santa vivi\u00f3 y donde hoy las monjas custodian su mensaje de esperanza y caridad. Impulsada con determinaci\u00f3n por ellas para hacer a\u00fan m\u00e1s concreta su misi\u00f3n, en 2012 naci\u00f3 la Fundaci\u00f3n Santa Rita de Casia. <\/p>\n\n\n\n<p>Inspirada en la espiritualidad ritiana y agustiniana, la Fundaci\u00f3n transforma la oraci\u00f3n y el amor en acciones tangibles, apoyando proyectos solidarios a favor de los m\u00e1s vulnerables, tanto en Italia como en el resto del mundo. El Monasterio y la Fundaci\u00f3n crean una sinergia de dimensiones espiritual y operativa que permite sembrar el bien, ampliando el radio de acci\u00f3n de la caridad y llevando ayuda all\u00ed donde m\u00e1s se necesita. Cada d\u00eda, trabajan juntos para transformar el mensaje de Santa Rita en un camino de amor que llega a cada vez m\u00e1s personas<\/p>\n\n\n\n<p><\/p>\n","protected":false},"excerpt":{"rendered":"<p>El v\u00ednculo entre el Monasterio y la Fundaci\u00f3n Santa Rita de Casia El Monasterio de Santa Rita de Casia es el lugar donde la Santa vivi\u00f3 y donde hoy las monjas custodian su mensaje de esperanza y caridad. Impulsada con determinaci\u00f3n por ellas para hacer a\u00fan m\u00e1s concreta su misi\u00f3n, en 2012 naci\u00f3 la Fundaci\u00f3n<a href=\"https:\/\/www.fondazionesantarita.org\/es\/quienes-somos\/la-fundacion\">\u2026<\/a><\/p>\n","protected":false},"author":1,"featured_media":0,"parent":5149,"menu_order":0,"comment_status":"closed","ping_status":"closed","template":"foundation.blade.php","meta":{"footnotes":""},"class_list":["post-5157","page","type-page","status-publish","hentry"],"acf":false,"yoast_head":"<!-- This site is optimized with the Yoast SEO plugin v19.14 - https:\/\/yoast.com\/wordpress\/plugins\/seo\/ -->\n<title>La Fundaci\u00f3n - Fundaci\u00f3n Santa Rita de Casia<\/title>\n<meta name=\"description\" content=\"Conoce la historia, la misi\u00f3n y los objetivos de la Fundaci\u00f3n Santa Rita de Casia, comprometida con proyectos sociales y de solidaridad.\" \/>\n<meta name=\"robots\" content=\"index, follow, max-snippet:-1, max-image-preview:large, max-video-preview:-1\" \/>\n<link rel=\"canonical\" href=\"https:\/\/www.fondazionesantarita.org\/es\/quienes-somos\/la-fundacion\" \/>\n<meta property=\"og:locale\" content=\"es_ES\" \/>\n<meta property=\"og:type\" content=\"article\" \/>\n<meta property=\"og:title\" content=\"La Fundaci\u00f3n - Fundaci\u00f3n Santa Rita de Casia\" \/>\n<meta property=\"og:description\" content=\"Conoce la historia, la misi\u00f3n y los objetivos de la Fundaci\u00f3n Santa Rita de Casia, comprometida con proyectos sociales y de solidaridad.\" \/>\n<meta property=\"og:url\" content=\"https:\/\/www.fondazionesantarita.org\/es\/quienes-somos\/la-fundacion\" \/>\n<meta property=\"og:site_name\" content=\"Fondazione Santa Rita\" \/>\n<meta property=\"article:modified_time\" content=\"2026-03-06T14:37:28+00:00\" \/>\n<meta name=\"twitter:card\" content=\"summary_large_image\" \/>\n<meta name=\"twitter:label1\" content=\"Est. reading time\" \/>\n\t<meta name=\"twitter:data1\" content=\"1 minute\" \/>\n<script type=\"application\/ld+json\" class=\"yoast-schema-graph\">{\"@context\":\"https:\/\/schema.org\",\"@graph\":[{\"@type\":\"WebPage\",\"@id\":\"https:\/\/www.fondazionesantarita.org\/es\/quienes-somos\/la-fundacion\",\"url\":\"https:\/\/www.fondazionesantarita.org\/es\/quienes-somos\/la-fundacion\",\"name\":\"La Fundaci\u00f3n - Fundaci\u00f3n Santa Rita de Casia\",\"isPartOf\":{\"@id\":\"https:\/\/www.fondazionesantarita.org\/#website\"},\"datePublished\":\"2025-01-07T09:09:03+00:00\",\"dateModified\":\"2026-03-06T14:37:28+00:00\",\"description\":\"Conoce la historia, la misi\u00f3n y los objetivos de la Fundaci\u00f3n Santa Rita de Casia, comprometida con proyectos sociales y de solidaridad.\",\"breadcrumb\":{\"@id\":\"https:\/\/www.fondazionesantarita.org\/es\/quienes-somos\/la-fundacion#breadcrumb\"},\"inLanguage\":\"es-ES\",\"potentialAction\":[{\"@type\":\"ReadAction\",\"target\":[\"https:\/\/www.fondazionesantarita.org\/es\/quienes-somos\/la-fundacion\"]}]},{\"@type\":\"BreadcrumbList\",\"@id\":\"https:\/\/www.fondazionesantarita.org\/es\/quienes-somos\/la-fundacion#breadcrumb\",\"itemListElement\":[{\"@type\":\"ListItem\",\"position\":1,\"name\":\"Home\",\"item\":\"https:\/\/www.fondazionesantarita.org\/es\"},{\"@type\":\"ListItem\",\"position\":2,\"name\":\"Qui\u00e9nes somos\",\"item\":\"https:\/\/www.fondazionesantarita.org\/es\/quienes-somos\"},{\"@type\":\"ListItem\",\"position\":3,\"name\":\"La Fundaci\u00f3n\"}]},{\"@type\":\"WebSite\",\"@id\":\"https:\/\/www.fondazionesantarita.org\/#website\",\"url\":\"https:\/\/www.fondazionesantarita.org\/\",\"name\":\"Fondazione Santa Rita\",\"description\":\"\",\"potentialAction\":[{\"@type\":\"SearchAction\",\"target\":{\"@type\":\"EntryPoint\",\"urlTemplate\":\"https:\/\/www.fondazionesantarita.org\/?s={search_term_string}\"},\"query-input\":\"required name=search_term_string\"}],\"inLanguage\":\"es-ES\"}]}<\/script>\n<!-- \/ Yoast SEO plugin. -->","yoast_head_json":{"title":"La Fundaci\u00f3n - Fundaci\u00f3n Santa Rita de Casia","description":"Conoce la historia, la misi\u00f3n y los objetivos de la Fundaci\u00f3n Santa Rita de Casia, comprometida con proyectos sociales y de solidaridad.","robots":{"index":"index","follow":"follow","max-snippet":"max-snippet:-1","max-image-preview":"max-image-preview:large","max-video-preview":"max-video-preview:-1"},"canonical":"https:\/\/www.fondazionesantarita.org\/es\/quienes-somos\/la-fundacion","og_locale":"es_ES","og_type":"article","og_title":"La Fundaci\u00f3n - Fundaci\u00f3n Santa Rita de Casia","og_description":"Conoce la historia, la misi\u00f3n y los objetivos de la Fundaci\u00f3n Santa Rita de Casia, comprometida con proyectos sociales y de solidaridad.","og_url":"https:\/\/www.fondazionesantarita.org\/es\/quienes-somos\/la-fundacion","og_site_name":"Fondazione Santa Rita","article_modified_time":"2026-03-06T14:37:28+00:00","twitter_card":"summary_large_image","twitter_misc":{"Est. reading time":"1 minute"},"schema":{"@context":"https:\/\/schema.org","@graph":[{"@type":"WebPage","@id":"https:\/\/www.fondazionesantarita.org\/es\/quienes-somos\/la-fundacion","url":"https:\/\/www.fondazionesantarita.org\/es\/quienes-somos\/la-fundacion","name":"La Fundaci\u00f3n - Fundaci\u00f3n Santa Rita de Casia","isPartOf":{"@id":"https:\/\/www.fondazionesantarita.org\/#website"},"datePublished":"2025-01-07T09:09:03+00:00","dateModified":"2026-03-06T14:37:28+00:00","description":"Conoce la historia, la misi\u00f3n y los objetivos de la Fundaci\u00f3n Santa Rita de Casia, comprometida con proyectos sociales y de solidaridad.","breadcrumb":{"@id":"https:\/\/www.fondazionesantarita.org\/es\/quienes-somos\/la-fundacion#breadcrumb"},"inLanguage":"es-ES","potentialAction":[{"@type":"ReadAction","target":["https:\/\/www.fondazionesantarita.org\/es\/quienes-somos\/la-fundacion"]}]},{"@type":"BreadcrumbList","@id":"https:\/\/www.fondazionesantarita.org\/es\/quienes-somos\/la-fundacion#breadcrumb","itemListElement":[{"@type":"ListItem","position":1,"name":"Home","item":"https:\/\/www.fondazionesantarita.org\/es"},{"@type":"ListItem","position":2,"name":"Qui\u00e9nes somos","item":"https:\/\/www.fondazionesantarita.org\/es\/quienes-somos"},{"@type":"ListItem","position":3,"name":"La Fundaci\u00f3n"}]},{"@type":"WebSite","@id":"https:\/\/www.fondazionesantarita.org\/#website","url":"https:\/\/www.fondazionesantarita.org\/","name":"Fondazione Santa Rita","description":"","potentialAction":[{"@type":"SearchAction","target":{"@type":"EntryPoint","urlTemplate":"https:\/\/www.fondazionesantarita.org\/?s={search_term_string}"},"query-input":"required name=search_term_string"}],"inLanguage":"es-ES"}]}},"gblocks":[{"blockName":"core\/heading","attrs":[],"innerBlocks":[],"innerHTML":"\n<h2 class=\"wp-block-heading\"><strong>El v\u00ednculo entre el Monasterio y la Fundaci\u00f3n Santa Rita de Casia<\/strong><\/h2>\n","innerContent":["\n<h2 class=\"wp-block-heading\"><strong>El v\u00ednculo entre el Monasterio y la Fundaci\u00f3n Santa Rita de Casia<\/strong><\/h2>\n"]},{"blockName":null,"attrs":[],"innerBlocks":[],"innerHTML":"\n\n","innerContent":["\n\n"]},{"blockName":"core\/paragraph","attrs":[],"innerBlocks":[],"innerHTML":"\n<p>El Monasterio de Santa Rita de Casia es el lugar donde la Santa vivi\u00f3 y donde hoy las monjas custodian su mensaje de esperanza y caridad. Impulsada con determinaci\u00f3n por ellas para hacer a\u00fan m\u00e1s concreta su misi\u00f3n, en 2012 naci\u00f3 la Fundaci\u00f3n Santa Rita de Casia. <\/p>\n","innerContent":["\n<p>El Monasterio de Santa Rita de Casia es el lugar donde la Santa vivi\u00f3 y donde hoy las monjas custodian su mensaje de esperanza y caridad. Impulsada con determinaci\u00f3n por ellas para hacer a\u00fan m\u00e1s concreta su misi\u00f3n, en 2012 naci\u00f3 la Fundaci\u00f3n Santa Rita de Casia. <\/p>\n"]},{"blockName":null,"attrs":[],"innerBlocks":[],"innerHTML":"\n\n","innerContent":["\n\n"]},{"blockName":"core\/paragraph","attrs":[],"innerBlocks":[],"innerHTML":"\n<p>Inspirada en la espiritualidad ritiana y agustiniana, la Fundaci\u00f3n transforma la oraci\u00f3n y el amor en acciones tangibles, apoyando proyectos solidarios a favor de los m\u00e1s vulnerables, tanto en Italia como en el resto del mundo. El Monasterio y la Fundaci\u00f3n crean una sinergia de dimensiones espiritual y operativa que permite sembrar el bien, ampliando el radio de acci\u00f3n de la caridad y llevando ayuda all\u00ed donde m\u00e1s se necesita. Cada d\u00eda, trabajan juntos para transformar el mensaje de Santa Rita en un camino de amor que llega a cada vez m\u00e1s personas<\/p>\n","innerContent":["\n<p>Inspirada en la espiritualidad ritiana y agustiniana, la Fundaci\u00f3n transforma la oraci\u00f3n y el amor en acciones tangibles, apoyando proyectos solidarios a favor de los m\u00e1s vulnerables, tanto en Italia como en el resto del mundo. El Monasterio y la Fundaci\u00f3n crean una sinergia de dimensiones espiritual y operativa que permite sembrar el bien, ampliando el radio de acci\u00f3n de la caridad y llevando ayuda all\u00ed donde m\u00e1s se necesita. Cada d\u00eda, trabajan juntos para transformar el mensaje de Santa Rita en un camino de amor que llega a cada vez m\u00e1s personas<\/p>\n"]},{"blockName":null,"attrs":[],"innerBlocks":[],"innerHTML":"\n\n","innerContent":["\n\n"]},{"blockName":"core\/paragraph","attrs":[],"innerBlocks":[],"innerHTML":"\n<p><\/p>\n","innerContent":["\n<p><\/p>\n"]}],"breadcrumbs":[{"label":"Home","type":"page","url":"\/","position":1,"id":"https:\/\/www.fondazionesantarita.org","name":"Home"},{"label":"es","type":null,"url":"\/es","position":2,"id":"https:\/\/www.fondazionesantarita.org\/es","name":"es"},{"label":"Qui\u00e9nes somos","type":"page","url":"\/es\/quienes-somos","position":3,"id":"https:\/\/www.fondazionesantarita.org\/es\/quienes-somos","name":"Qui\u00e9nes somos"},{"label":"La Fundaci\u00f3n","type":"page","url":"\/es\/quienes-somos\/la-fundacion","position":4,"id":"https:\/\/www.fondazionesantarita.org\/es\/quienes-somos\/la-fundacion","name":"La Fundaci\u00f3n"}],"seo_meta":false,"_links":{"self":[{"href":"https:\/\/www.fondazionesantarita.org\/es\/wp-json\/wp\/v2\/pages\/5157","targetHints":{"allow":["GET"]}}],"collection":[{"href":"https:\/\/www.fondazionesantarita.org\/es\/wp-json\/wp\/v2\/pages"}],"about":[{"href":"https:\/\/www.fondazionesantarita.org\/es\/wp-json\/wp\/v2\/types\/page"}],"author":[{"embeddable":true,"href":"https:\/\/www.fondazionesantarita.org\/es\/wp-json\/wp\/v2\/users\/1"}],"replies":[{"embeddable":true,"href":"https:\/\/www.fondazionesantarita.org\/es\/wp-json\/wp\/v2\/comments?post=5157"}],"version-history":[{"count":7,"href":"https:\/\/www.fondazionesantarita.org\/es\/wp-json\/wp\/v2\/pages\/5157\/revisions"}],"predecessor-version":[{"id":6096,"href":"https:\/\/www.fondazionesantarita.org\/es\/wp-json\/wp\/v2\/pages\/5157\/revisions\/6096"}],"up":[{"embeddable":true,"href":"https:\/\/www.fondazionesantarita.org\/es\/wp-json\/wp\/v2\/pages\/5149"}],"wp:attachment":[{"href":"https:\/\/www.fondazionesantarita.org\/es\/wp-json\/wp\/v2\/media?parent=5157"}],"curies":[{"name":"wp","href":"https:\/\/api.w.org\/{rel}","templated":true}]}}