{"id":5153,"date":"2025-01-07T09:28:20","date_gmt":"2025-01-07T09:28:20","guid":{"rendered":"https:\/\/www.fondazionesantarita.org\/chi-siamo\/organizzazione"},"modified":"2026-02-20T09:14:44","modified_gmt":"2026-02-20T09:14:44","slug":"organizacion","status":"publish","type":"page","link":"https:\/\/www.fondazionesantarita.org\/es\/quienes-somos\/organizacion","title":{"rendered":"Organizaci\u00f3n"},"content":{"rendered":"","protected":false},"excerpt":{"rendered":"","protected":false},"author":1,"featured_media":0,"parent":5149,"menu_order":0,"comment_status":"closed","ping_status":"closed","template":"organization.blade.php","meta":{"footnotes":""},"class_list":["post-5153","page","type-page","status-publish","hentry"],"acf":false,"yoast_head":"<!-- This site is optimized with the Yoast SEO plugin v19.14 - https:\/\/yoast.com\/wordpress\/plugins\/seo\/ -->\n<title>Organizaci\u00f3n - Fundaci\u00f3n Santa Rita de Casia<\/title>\n<meta name=\"description\" content=\"Descubre la estructura organizativa de la Fundaci\u00f3n Santa Rita de Casia y los profesionales que dirigen nuestros proyectos sociales.\" \/>\n<meta name=\"robots\" content=\"index, follow, max-snippet:-1, max-image-preview:large, max-video-preview:-1\" \/>\n<link rel=\"canonical\" href=\"https:\/\/www.fondazionesantarita.org\/es\/quienes-somos\/organizacion\" \/>\n<meta property=\"og:locale\" content=\"es_ES\" \/>\n<meta property=\"og:type\" content=\"article\" \/>\n<meta property=\"og:title\" content=\"Organizaci\u00f3n - Fundaci\u00f3n Santa Rita de Casia\" \/>\n<meta property=\"og:description\" content=\"Descubre la estructura organizativa de la Fundaci\u00f3n Santa Rita de Casia y los profesionales que dirigen nuestros proyectos sociales.\" \/>\n<meta property=\"og:url\" content=\"https:\/\/www.fondazionesantarita.org\/es\/quienes-somos\/organizacion\" \/>\n<meta property=\"og:site_name\" content=\"Fondazione Santa Rita\" \/>\n<meta property=\"article:modified_time\" content=\"2026-02-20T09:14:44+00:00\" \/>\n<meta name=\"twitter:card\" content=\"summary_large_image\" \/>\n<script type=\"application\/ld+json\" class=\"yoast-schema-graph\">{\"@context\":\"https:\/\/schema.org\",\"@graph\":[{\"@type\":\"WebPage\",\"@id\":\"https:\/\/www.fondazionesantarita.org\/es\/quienes-somos\/organizacion\",\"url\":\"https:\/\/www.fondazionesantarita.org\/es\/quienes-somos\/organizacion\",\"name\":\"Organizaci\u00f3n - Fundaci\u00f3n Santa Rita de Casia\",\"isPartOf\":{\"@id\":\"https:\/\/www.fondazionesantarita.org\/#website\"},\"datePublished\":\"2025-01-07T09:28:20+00:00\",\"dateModified\":\"2026-02-20T09:14:44+00:00\",\"description\":\"Descubre la estructura organizativa de la Fundaci\u00f3n Santa Rita de Casia y los profesionales que dirigen nuestros proyectos sociales.\",\"breadcrumb\":{\"@id\":\"https:\/\/www.fondazionesantarita.org\/es\/quienes-somos\/organizacion#breadcrumb\"},\"inLanguage\":\"es-ES\",\"potentialAction\":[{\"@type\":\"ReadAction\",\"target\":[\"https:\/\/www.fondazionesantarita.org\/es\/quienes-somos\/organizacion\"]}]},{\"@type\":\"BreadcrumbList\",\"@id\":\"https:\/\/www.fondazionesantarita.org\/es\/quienes-somos\/organizacion#breadcrumb\",\"itemListElement\":[{\"@type\":\"ListItem\",\"position\":1,\"name\":\"Home\",\"item\":\"https:\/\/www.fondazionesantarita.org\/es\"},{\"@type\":\"ListItem\",\"position\":2,\"name\":\"Qui\u00e9nes somos\",\"item\":\"https:\/\/www.fondazionesantarita.org\/es\/quienes-somos\"},{\"@type\":\"ListItem\",\"position\":3,\"name\":\"Organizaci\u00f3n\"}]},{\"@type\":\"WebSite\",\"@id\":\"https:\/\/www.fondazionesantarita.org\/#website\",\"url\":\"https:\/\/www.fondazionesantarita.org\/\",\"name\":\"Fondazione Santa Rita\",\"description\":\"\",\"potentialAction\":[{\"@type\":\"SearchAction\",\"target\":{\"@type\":\"EntryPoint\",\"urlTemplate\":\"https:\/\/www.fondazionesantarita.org\/?s={search_term_string}\"},\"query-input\":\"required name=search_term_string\"}],\"inLanguage\":\"es-ES\"}]}<\/script>\n<!-- \/ Yoast SEO plugin. -->","yoast_head_json":{"title":"Organizaci\u00f3n - Fundaci\u00f3n Santa Rita de Casia","description":"Descubre la estructura organizativa de la Fundaci\u00f3n Santa Rita de Casia y los profesionales que dirigen nuestros proyectos sociales.","robots":{"index":"index","follow":"follow","max-snippet":"max-snippet:-1","max-image-preview":"max-image-preview:large","max-video-preview":"max-video-preview:-1"},"canonical":"https:\/\/www.fondazionesantarita.org\/es\/quienes-somos\/organizacion","og_locale":"es_ES","og_type":"article","og_title":"Organizaci\u00f3n - Fundaci\u00f3n Santa Rita de Casia","og_description":"Descubre la estructura organizativa de la Fundaci\u00f3n Santa Rita de Casia y los profesionales que dirigen nuestros proyectos sociales.","og_url":"https:\/\/www.fondazionesantarita.org\/es\/quienes-somos\/organizacion","og_site_name":"Fondazione Santa Rita","article_modified_time":"2026-02-20T09:14:44+00:00","twitter_card":"summary_large_image","schema":{"@context":"https:\/\/schema.org","@graph":[{"@type":"WebPage","@id":"https:\/\/www.fondazionesantarita.org\/es\/quienes-somos\/organizacion","url":"https:\/\/www.fondazionesantarita.org\/es\/quienes-somos\/organizacion","name":"Organizaci\u00f3n - Fundaci\u00f3n Santa Rita de Casia","isPartOf":{"@id":"https:\/\/www.fondazionesantarita.org\/#website"},"datePublished":"2025-01-07T09:28:20+00:00","dateModified":"2026-02-20T09:14:44+00:00","description":"Descubre la estructura organizativa de la Fundaci\u00f3n Santa Rita de Casia y los profesionales que dirigen nuestros proyectos sociales.","breadcrumb":{"@id":"https:\/\/www.fondazionesantarita.org\/es\/quienes-somos\/organizacion#breadcrumb"},"inLanguage":"es-ES","potentialAction":[{"@type":"ReadAction","target":["https:\/\/www.fondazionesantarita.org\/es\/quienes-somos\/organizacion"]}]},{"@type":"BreadcrumbList","@id":"https:\/\/www.fondazionesantarita.org\/es\/quienes-somos\/organizacion#breadcrumb","itemListElement":[{"@type":"ListItem","position":1,"name":"Home","item":"https:\/\/www.fondazionesantarita.org\/es"},{"@type":"ListItem","position":2,"name":"Qui\u00e9nes somos","item":"https:\/\/www.fondazionesantarita.org\/es\/quienes-somos"},{"@type":"ListItem","position":3,"name":"Organizaci\u00f3n"}]},{"@type":"WebSite","@id":"https:\/\/www.fondazionesantarita.org\/#website","url":"https:\/\/www.fondazionesantarita.org\/","name":"Fondazione Santa Rita","description":"","potentialAction":[{"@type":"SearchAction","target":{"@type":"EntryPoint","urlTemplate":"https:\/\/www.fondazionesantarita.org\/?s={search_term_string}"},"query-input":"required name=search_term_string"}],"inLanguage":"es-ES"}]}},"gblocks":null,"breadcrumbs":[{"label":"Home","type":"page","url":"\/","position":1,"id":"https:\/\/www.fondazionesantarita.org","name":"Home"},{"label":"es","type":null,"url":"\/es","position":2,"id":"https:\/\/www.fondazionesantarita.org\/es","name":"es"},{"label":"Qui\u00e9nes somos","type":"page","url":"\/es\/quienes-somos","position":3,"id":"https:\/\/www.fondazionesantarita.org\/es\/quienes-somos","name":"Qui\u00e9nes somos"},{"label":"Organizaci\u00f3n","type":"page","url":"\/es\/quienes-somos\/organizacion","position":4,"id":"https:\/\/www.fondazionesantarita.org\/es\/quienes-somos\/organizacion","name":"Organizaci\u00f3n"}],"seo_meta":false,"_links":{"self":[{"href":"https:\/\/www.fondazionesantarita.org\/es\/wp-json\/wp\/v2\/pages\/5153","targetHints":{"allow":["GET"]}}],"collection":[{"href":"https:\/\/www.fondazionesantarita.org\/es\/wp-json\/wp\/v2\/pages"}],"about":[{"href":"https:\/\/www.fondazionesantarita.org\/es\/wp-json\/wp\/v2\/types\/page"}],"author":[{"embeddable":true,"href":"https:\/\/www.fondazionesantarita.org\/es\/wp-json\/wp\/v2\/users\/1"}],"replies":[{"embeddable":true,"href":"https:\/\/www.fondazionesantarita.org\/es\/wp-json\/wp\/v2\/comments?post=5153"}],"version-history":[{"count":5,"href":"https:\/\/www.fondazionesantarita.org\/es\/wp-json\/wp\/v2\/pages\/5153\/revisions"}],"predecessor-version":[{"id":5986,"href":"https:\/\/www.fondazionesantarita.org\/es\/wp-json\/wp\/v2\/pages\/5153\/revisions\/5986"}],"up":[{"embeddable":true,"href":"https:\/\/www.fondazionesantarita.org\/es\/wp-json\/wp\/v2\/pages\/5149"}],"wp:attachment":[{"href":"https:\/\/www.fondazionesantarita.org\/es\/wp-json\/wp\/v2\/media?parent=5153"}],"curies":[{"name":"wp","href":"https:\/\/api.w.org\/{rel}","templated":true}]}}