{"id":5151,"date":"2025-06-18T10:14:43","date_gmt":"2025-06-18T08:14:43","guid":{"rendered":"https:\/\/www.fondazionesantarita.org\/chi-siamo\/bilancio-e-trasparenza"},"modified":"2026-02-20T09:17:34","modified_gmt":"2026-02-20T09:17:34","slug":"balance-y-transparencia","status":"publish","type":"page","link":"https:\/\/www.fondazionesantarita.org\/es\/quienes-somos\/balance-y-transparencia","title":{"rendered":"Balance y transparencia"},"content":{"rendered":"\n<h2 class=\"wp-block-heading\"><\/h2>\n\n\n\n<blockquote class=\"wp-block-quote is-layout-flow wp-block-quote-is-layout-flow\">\n<figure class=\"wp-block-image aligncenter size-large\"><img loading=\"lazy\" decoding=\"async\" width=\"1024\" height=\"533\" src=\"https:\/\/www.fondazionesantarita.org\/uploads\/2025\/01\/rectangle-1761-1024x533.jpg\" alt=\"\" class=\"wp-image-302\" srcset=\"https:\/\/www.fondazionesantarita.org\/uploads\/2025\/01\/rectangle-1761-1024x533.jpg 1024w, https:\/\/www.fondazionesantarita.org\/uploads\/2025\/01\/rectangle-1761-300x156.jpg 300w, https:\/\/www.fondazionesantarita.org\/uploads\/2025\/01\/rectangle-1761-768x400.jpg 768w, https:\/\/www.fondazionesantarita.org\/uploads\/2025\/01\/rectangle-1761-1536x800.jpg 1536w, https:\/\/www.fondazionesantarita.org\/uploads\/2025\/01\/rectangle-1761-2048x1067.jpg 2048w, https:\/\/www.fondazionesantarita.org\/uploads\/2025\/01\/rectangle-1761-375x195.jpg 375w, https:\/\/www.fondazionesantarita.org\/uploads\/2025\/01\/rectangle-1761-750x391.jpg 750w, https:\/\/www.fondazionesantarita.org\/uploads\/2025\/01\/rectangle-1761-834x434.jpg 834w, https:\/\/www.fondazionesantarita.org\/uploads\/2025\/01\/rectangle-1761-1440x750.jpg 1440w, https:\/\/www.fondazionesantarita.org\/uploads\/2025\/01\/rectangle-1761-2000x1042.jpg 2000w, https:\/\/www.fondazionesantarita.org\/uploads\/2025\/01\/rectangle-1761-2560x1333.jpg 2560w, https:\/\/www.fondazionesantarita.org\/uploads\/2025\/01\/rectangle-1761.jpg 2880w\" sizes=\"auto, (max-width: 1024px) 100vw, 1024px\" \/><\/figure>\n\n\n\n<p><em><em>Tomamos conciencia del camino recorrido y de sus frutos, para so\u00f1ar cu\u00e1nto bien podemos a\u00fan realizar, identificando vulnerabilidades y oportunidades. Fijamos la mirada en el futuro con valent\u00eda, para llevar el abrazo ritiano y agustiniano en el mundo a tantas personas necesitadas como sea posible, a trav\u00e9s de proyectos concretos. La meta es la ciudad del amor que Rita nos indica.<\/em><\/em><\/p>\n\n\n\n<p><strong>Sor Maria Grazia Cossu,<\/strong><br>Presidenta de la Fundaci\u00f3n Santa Rita de Casia ETS<\/p>\n<\/blockquote>\n\n\n\n<p><\/p>\n","protected":false},"excerpt":{"rendered":"","protected":false},"author":1,"featured_media":0,"parent":5149,"menu_order":0,"comment_status":"closed","ping_status":"closed","template":"financial-statement.blade.php","meta":{"footnotes":""},"class_list":["post-5151","page","type-page","status-publish","hentry"],"acf":false,"yoast_head":"<!-- This site is optimized with the Yoast SEO plugin v19.14 - https:\/\/yoast.com\/wordpress\/plugins\/seo\/ -->\n<title>Balance y transparencia - Fundaci\u00f3n Santa Rita de Casia<\/title>\n<meta name=\"description\" content=\"Consulta el balance anual y descubre c\u00f3mo la Fundaci\u00f3n Santa Rita de Casia garantiza la transparencia en la gesti\u00f3n de sus proyectos.\" \/>\n<meta name=\"robots\" content=\"index, follow, max-snippet:-1, max-image-preview:large, max-video-preview:-1\" \/>\n<link rel=\"canonical\" href=\"https:\/\/www.fondazionesantarita.org\/es\/quienes-somos\/balance-y-transparencia\" \/>\n<meta property=\"og:locale\" content=\"es_ES\" \/>\n<meta property=\"og:type\" content=\"article\" \/>\n<meta property=\"og:title\" content=\"Balance y transparencia - Fundaci\u00f3n Santa Rita de Casia\" \/>\n<meta property=\"og:description\" content=\"Consulta el balance anual y descubre c\u00f3mo la Fundaci\u00f3n Santa Rita de Casia garantiza la transparencia en la gesti\u00f3n de sus proyectos.\" \/>\n<meta property=\"og:url\" content=\"https:\/\/www.fondazionesantarita.org\/es\/quienes-somos\/balance-y-transparencia\" \/>\n<meta property=\"og:site_name\" content=\"Fondazione Santa Rita\" \/>\n<meta property=\"article:modified_time\" content=\"2026-02-20T09:17:34+00:00\" \/>\n<meta property=\"og:image\" content=\"https:\/\/www.fondazionesantarita.org\/uploads\/2025\/01\/rectangle-1761-1024x533.jpg\" \/>\n<meta name=\"twitter:card\" content=\"summary_large_image\" \/>\n<script type=\"application\/ld+json\" class=\"yoast-schema-graph\">{\"@context\":\"https:\/\/schema.org\",\"@graph\":[{\"@type\":\"WebPage\",\"@id\":\"https:\/\/www.fondazionesantarita.org\/es\/quienes-somos\/balance-y-transparencia\",\"url\":\"https:\/\/www.fondazionesantarita.org\/es\/quienes-somos\/balance-y-transparencia\",\"name\":\"Balance y transparencia - Fundaci\u00f3n Santa Rita de Casia\",\"isPartOf\":{\"@id\":\"https:\/\/www.fondazionesantarita.org\/#website\"},\"datePublished\":\"2025-06-18T08:14:43+00:00\",\"dateModified\":\"2026-02-20T09:17:34+00:00\",\"description\":\"Consulta el balance anual y descubre c\u00f3mo la Fundaci\u00f3n Santa Rita de Casia garantiza la transparencia en la gesti\u00f3n de sus proyectos.\",\"breadcrumb\":{\"@id\":\"https:\/\/www.fondazionesantarita.org\/es\/quienes-somos\/balance-y-transparencia#breadcrumb\"},\"inLanguage\":\"es-ES\",\"potentialAction\":[{\"@type\":\"ReadAction\",\"target\":[\"https:\/\/www.fondazionesantarita.org\/es\/quienes-somos\/balance-y-transparencia\"]}]},{\"@type\":\"BreadcrumbList\",\"@id\":\"https:\/\/www.fondazionesantarita.org\/es\/quienes-somos\/balance-y-transparencia#breadcrumb\",\"itemListElement\":[{\"@type\":\"ListItem\",\"position\":1,\"name\":\"Home\",\"item\":\"https:\/\/www.fondazionesantarita.org\/es\"},{\"@type\":\"ListItem\",\"position\":2,\"name\":\"Qui\u00e9nes somos\",\"item\":\"https:\/\/www.fondazionesantarita.org\/es\/quienes-somos\"},{\"@type\":\"ListItem\",\"position\":3,\"name\":\"Balance y transparencia\"}]},{\"@type\":\"WebSite\",\"@id\":\"https:\/\/www.fondazionesantarita.org\/#website\",\"url\":\"https:\/\/www.fondazionesantarita.org\/\",\"name\":\"Fondazione Santa Rita\",\"description\":\"\",\"potentialAction\":[{\"@type\":\"SearchAction\",\"target\":{\"@type\":\"EntryPoint\",\"urlTemplate\":\"https:\/\/www.fondazionesantarita.org\/?s={search_term_string}\"},\"query-input\":\"required name=search_term_string\"}],\"inLanguage\":\"es-ES\"}]}<\/script>\n<!-- \/ Yoast SEO plugin. -->","yoast_head_json":{"title":"Balance y transparencia - Fundaci\u00f3n Santa Rita de Casia","description":"Consulta el balance anual y descubre c\u00f3mo la Fundaci\u00f3n Santa Rita de Casia garantiza la transparencia en la gesti\u00f3n de sus proyectos.","robots":{"index":"index","follow":"follow","max-snippet":"max-snippet:-1","max-image-preview":"max-image-preview:large","max-video-preview":"max-video-preview:-1"},"canonical":"https:\/\/www.fondazionesantarita.org\/es\/quienes-somos\/balance-y-transparencia","og_locale":"es_ES","og_type":"article","og_title":"Balance y transparencia - Fundaci\u00f3n Santa Rita de Casia","og_description":"Consulta el balance anual y descubre c\u00f3mo la Fundaci\u00f3n Santa Rita de Casia garantiza la transparencia en la gesti\u00f3n de sus proyectos.","og_url":"https:\/\/www.fondazionesantarita.org\/es\/quienes-somos\/balance-y-transparencia","og_site_name":"Fondazione Santa Rita","article_modified_time":"2026-02-20T09:17:34+00:00","og_image":[{"url":"https:\/\/www.fondazionesantarita.org\/uploads\/2025\/01\/rectangle-1761-1024x533.jpg"}],"twitter_card":"summary_large_image","schema":{"@context":"https:\/\/schema.org","@graph":[{"@type":"WebPage","@id":"https:\/\/www.fondazionesantarita.org\/es\/quienes-somos\/balance-y-transparencia","url":"https:\/\/www.fondazionesantarita.org\/es\/quienes-somos\/balance-y-transparencia","name":"Balance y transparencia - Fundaci\u00f3n Santa Rita de Casia","isPartOf":{"@id":"https:\/\/www.fondazionesantarita.org\/#website"},"datePublished":"2025-06-18T08:14:43+00:00","dateModified":"2026-02-20T09:17:34+00:00","description":"Consulta el balance anual y descubre c\u00f3mo la Fundaci\u00f3n Santa Rita de Casia garantiza la transparencia en la gesti\u00f3n de sus proyectos.","breadcrumb":{"@id":"https:\/\/www.fondazionesantarita.org\/es\/quienes-somos\/balance-y-transparencia#breadcrumb"},"inLanguage":"es-ES","potentialAction":[{"@type":"ReadAction","target":["https:\/\/www.fondazionesantarita.org\/es\/quienes-somos\/balance-y-transparencia"]}]},{"@type":"BreadcrumbList","@id":"https:\/\/www.fondazionesantarita.org\/es\/quienes-somos\/balance-y-transparencia#breadcrumb","itemListElement":[{"@type":"ListItem","position":1,"name":"Home","item":"https:\/\/www.fondazionesantarita.org\/es"},{"@type":"ListItem","position":2,"name":"Qui\u00e9nes somos","item":"https:\/\/www.fondazionesantarita.org\/es\/quienes-somos"},{"@type":"ListItem","position":3,"name":"Balance y transparencia"}]},{"@type":"WebSite","@id":"https:\/\/www.fondazionesantarita.org\/#website","url":"https:\/\/www.fondazionesantarita.org\/","name":"Fondazione Santa Rita","description":"","potentialAction":[{"@type":"SearchAction","target":{"@type":"EntryPoint","urlTemplate":"https:\/\/www.fondazionesantarita.org\/?s={search_term_string}"},"query-input":"required name=search_term_string"}],"inLanguage":"es-ES"}]}},"gblocks":[{"blockName":"core\/heading","attrs":[],"innerBlocks":[],"innerHTML":"\n<h2 class=\"wp-block-heading\"><\/h2>\n","innerContent":["\n<h2 class=\"wp-block-heading\"><\/h2>\n"]},{"blockName":null,"attrs":[],"innerBlocks":[],"innerHTML":"\n\n","innerContent":["\n\n"]},{"blockName":"core\/quote","attrs":[],"innerBlocks":[{"blockName":"core\/image","attrs":{"id":302,"sizeSlug":"large","linkDestination":"none","align":"center"},"innerBlocks":[],"innerHTML":"\n<figure class=\"wp-block-image aligncenter size-large\"><img src=\"https:\/\/www.fondazionesantarita.org\/uploads\/2025\/01\/rectangle-1761-1024x533.jpg\" alt=\"\" class=\"wp-image-302\"\/><\/figure>\n","innerContent":["\n<figure class=\"wp-block-image aligncenter size-large\"><img src=\"https:\/\/www.fondazionesantarita.org\/uploads\/2025\/01\/rectangle-1761-1024x533.jpg\" alt=\"\" class=\"wp-image-302\"\/><\/figure>\n"]},{"blockName":"core\/paragraph","attrs":[],"innerBlocks":[],"innerHTML":"\n<p><em><em>Tomamos conciencia del camino recorrido y de sus frutos, para so\u00f1ar cu\u00e1nto bien podemos a\u00fan realizar, identificando vulnerabilidades y oportunidades. Fijamos la mirada en el futuro con valent\u00eda, para llevar el abrazo ritiano y agustiniano en el mundo a tantas personas necesitadas como sea posible, a trav\u00e9s de proyectos concretos. La meta es la ciudad del amor que Rita nos indica.<\/em><\/em><\/p>\n","innerContent":["\n<p><em><em>Tomamos conciencia del camino recorrido y de sus frutos, para so\u00f1ar cu\u00e1nto bien podemos a\u00fan realizar, identificando vulnerabilidades y oportunidades. Fijamos la mirada en el futuro con valent\u00eda, para llevar el abrazo ritiano y agustiniano en el mundo a tantas personas necesitadas como sea posible, a trav\u00e9s de proyectos concretos. La meta es la ciudad del amor que Rita nos indica.<\/em><\/em><\/p>\n"]},{"blockName":"core\/paragraph","attrs":[],"innerBlocks":[],"innerHTML":"\n<p><strong>Sor Maria Grazia Cossu,<\/strong><br>Presidenta de la Fundaci\u00f3n Santa Rita de Casia ETS<\/p>\n","innerContent":["\n<p><strong>Sor Maria Grazia Cossu,<\/strong><br>Presidenta de la Fundaci\u00f3n Santa Rita de Casia ETS<\/p>\n"]}],"innerHTML":"\n<blockquote class=\"wp-block-quote\">\n\n\n\n<\/blockquote>\n","innerContent":["\n<blockquote class=\"wp-block-quote\">",null,"\n\n",null,"\n\n",null,"<\/blockquote>\n"]},{"blockName":null,"attrs":[],"innerBlocks":[],"innerHTML":"\n\n","innerContent":["\n\n"]},{"blockName":"core\/paragraph","attrs":[],"innerBlocks":[],"innerHTML":"\n<p><\/p>\n","innerContent":["\n<p><\/p>\n"]}],"breadcrumbs":[{"label":"Home","type":"page","url":"\/","position":1,"id":"https:\/\/www.fondazionesantarita.org","name":"Home"},{"label":"es","type":null,"url":"\/es","position":2,"id":"https:\/\/www.fondazionesantarita.org\/es","name":"es"},{"label":"Qui\u00e9nes somos","type":"page","url":"\/es\/quienes-somos","position":3,"id":"https:\/\/www.fondazionesantarita.org\/es\/quienes-somos","name":"Qui\u00e9nes somos"},{"label":"Balance y transparencia","type":"page","url":"\/es\/quienes-somos\/balance-y-transparencia","position":4,"id":"https:\/\/www.fondazionesantarita.org\/es\/quienes-somos\/balance-y-transparencia","name":"Balance y transparencia"}],"seo_meta":false,"_links":{"self":[{"href":"https:\/\/www.fondazionesantarita.org\/es\/wp-json\/wp\/v2\/pages\/5151","targetHints":{"allow":["GET"]}}],"collection":[{"href":"https:\/\/www.fondazionesantarita.org\/es\/wp-json\/wp\/v2\/pages"}],"about":[{"href":"https:\/\/www.fondazionesantarita.org\/es\/wp-json\/wp\/v2\/types\/page"}],"author":[{"embeddable":true,"href":"https:\/\/www.fondazionesantarita.org\/es\/wp-json\/wp\/v2\/users\/1"}],"replies":[{"embeddable":true,"href":"https:\/\/www.fondazionesantarita.org\/es\/wp-json\/wp\/v2\/comments?post=5151"}],"version-history":[{"count":6,"href":"https:\/\/www.fondazionesantarita.org\/es\/wp-json\/wp\/v2\/pages\/5151\/revisions"}],"predecessor-version":[{"id":5988,"href":"https:\/\/www.fondazionesantarita.org\/es\/wp-json\/wp\/v2\/pages\/5151\/revisions\/5988"}],"up":[{"embeddable":true,"href":"https:\/\/www.fondazionesantarita.org\/es\/wp-json\/wp\/v2\/pages\/5149"}],"wp:attachment":[{"href":"https:\/\/www.fondazionesantarita.org\/es\/wp-json\/wp\/v2\/media?parent=5151"}],"curies":[{"name":"wp","href":"https:\/\/api.w.org\/{rel}","templated":true}]}}