{"id":5147,"date":"2025-02-03T10:42:07","date_gmt":"2025-02-03T09:42:07","guid":{"rendered":"https:\/\/www.fondazionesantarita.org\/sostienici\/fai-una-donazione"},"modified":"2026-02-18T11:49:49","modified_gmt":"2026-02-18T11:49:49","slug":"haz-una-donacion","status":"publish","type":"page","link":"https:\/\/www.fondazionesantarita.org\/es\/ayudanos\/haz-una-donacion","title":{"rendered":"Haz una donaci\u00f3n"},"content":{"rendered":"","protected":false},"excerpt":{"rendered":"","protected":false},"author":1,"featured_media":0,"parent":5143,"menu_order":0,"comment_status":"closed","ping_status":"closed","template":"donation.blade.php","meta":{"footnotes":""},"class_list":["post-5147","page","type-page","status-publish","hentry"],"acf":false,"yoast_head":"<!-- This site is optimized with the Yoast SEO plugin v19.14 - https:\/\/yoast.com\/wordpress\/plugins\/seo\/ -->\n<title>Haz una donaci\u00f3n \u2013 Fundaci\u00f3n Santa Rita de Casia<\/title>\n<meta name=\"description\" content=\"Apoya los proyectos de la Fundaci\u00f3n Santa Rita de Casia con una donaci\u00f3n y contribuye a crear un impacto social positivo.\" \/>\n<meta name=\"robots\" content=\"index, follow, max-snippet:-1, max-image-preview:large, max-video-preview:-1\" \/>\n<link rel=\"canonical\" href=\"https:\/\/www.fondazionesantarita.org\/es\/ayudanos\/haz-una-donacion\" \/>\n<meta property=\"og:locale\" content=\"es_ES\" \/>\n<meta property=\"og:type\" content=\"article\" \/>\n<meta property=\"og:title\" content=\"Haz una donaci\u00f3n \u2013 Fundaci\u00f3n Santa Rita de Casia\" \/>\n<meta property=\"og:description\" content=\"Apoya los proyectos de la Fundaci\u00f3n Santa Rita de Casia con una donaci\u00f3n y contribuye a crear un impacto social positivo.\" \/>\n<meta property=\"og:url\" content=\"https:\/\/www.fondazionesantarita.org\/es\/ayudanos\/haz-una-donacion\" \/>\n<meta property=\"og:site_name\" content=\"Fondazione Santa Rita\" \/>\n<meta property=\"article:modified_time\" content=\"2026-02-18T11:49:49+00:00\" \/>\n<meta name=\"twitter:card\" content=\"summary_large_image\" \/>\n<script type=\"application\/ld+json\" class=\"yoast-schema-graph\">{\"@context\":\"https:\/\/schema.org\",\"@graph\":[{\"@type\":\"WebPage\",\"@id\":\"https:\/\/www.fondazionesantarita.org\/es\/ayudanos\/haz-una-donacion\",\"url\":\"https:\/\/www.fondazionesantarita.org\/es\/ayudanos\/haz-una-donacion\",\"name\":\"Haz una donaci\u00f3n \u2013 Fundaci\u00f3n Santa Rita de Casia\",\"isPartOf\":{\"@id\":\"https:\/\/www.fondazionesantarita.org\/#website\"},\"datePublished\":\"2025-02-03T09:42:07+00:00\",\"dateModified\":\"2026-02-18T11:49:49+00:00\",\"description\":\"Apoya los proyectos de la Fundaci\u00f3n Santa Rita de Casia con una donaci\u00f3n y contribuye a crear un impacto social positivo.\",\"breadcrumb\":{\"@id\":\"https:\/\/www.fondazionesantarita.org\/es\/ayudanos\/haz-una-donacion#breadcrumb\"},\"inLanguage\":\"es-ES\",\"potentialAction\":[{\"@type\":\"ReadAction\",\"target\":[\"https:\/\/www.fondazionesantarita.org\/es\/ayudanos\/haz-una-donacion\"]}]},{\"@type\":\"BreadcrumbList\",\"@id\":\"https:\/\/www.fondazionesantarita.org\/es\/ayudanos\/haz-una-donacion#breadcrumb\",\"itemListElement\":[{\"@type\":\"ListItem\",\"position\":1,\"name\":\"Home\",\"item\":\"https:\/\/www.fondazionesantarita.org\/es\"},{\"@type\":\"ListItem\",\"position\":2,\"name\":\"Ay\u00fadanos\",\"item\":\"https:\/\/www.fondazionesantarita.org\/es\/ayudanos\"},{\"@type\":\"ListItem\",\"position\":3,\"name\":\"Haz una donaci\u00f3n\"}]},{\"@type\":\"WebSite\",\"@id\":\"https:\/\/www.fondazionesantarita.org\/#website\",\"url\":\"https:\/\/www.fondazionesantarita.org\/\",\"name\":\"Fondazione Santa Rita\",\"description\":\"\",\"potentialAction\":[{\"@type\":\"SearchAction\",\"target\":{\"@type\":\"EntryPoint\",\"urlTemplate\":\"https:\/\/www.fondazionesantarita.org\/?s={search_term_string}\"},\"query-input\":\"required name=search_term_string\"}],\"inLanguage\":\"es-ES\"}]}<\/script>\n<!-- \/ Yoast SEO plugin. -->","yoast_head_json":{"title":"Haz una donaci\u00f3n \u2013 Fundaci\u00f3n Santa Rita de Casia","description":"Apoya los proyectos de la Fundaci\u00f3n Santa Rita de Casia con una donaci\u00f3n y contribuye a crear un impacto social positivo.","robots":{"index":"index","follow":"follow","max-snippet":"max-snippet:-1","max-image-preview":"max-image-preview:large","max-video-preview":"max-video-preview:-1"},"canonical":"https:\/\/www.fondazionesantarita.org\/es\/ayudanos\/haz-una-donacion","og_locale":"es_ES","og_type":"article","og_title":"Haz una donaci\u00f3n \u2013 Fundaci\u00f3n Santa Rita de Casia","og_description":"Apoya los proyectos de la Fundaci\u00f3n Santa Rita de Casia con una donaci\u00f3n y contribuye a crear un impacto social positivo.","og_url":"https:\/\/www.fondazionesantarita.org\/es\/ayudanos\/haz-una-donacion","og_site_name":"Fondazione Santa Rita","article_modified_time":"2026-02-18T11:49:49+00:00","twitter_card":"summary_large_image","schema":{"@context":"https:\/\/schema.org","@graph":[{"@type":"WebPage","@id":"https:\/\/www.fondazionesantarita.org\/es\/ayudanos\/haz-una-donacion","url":"https:\/\/www.fondazionesantarita.org\/es\/ayudanos\/haz-una-donacion","name":"Haz una donaci\u00f3n \u2013 Fundaci\u00f3n Santa Rita de Casia","isPartOf":{"@id":"https:\/\/www.fondazionesantarita.org\/#website"},"datePublished":"2025-02-03T09:42:07+00:00","dateModified":"2026-02-18T11:49:49+00:00","description":"Apoya los proyectos de la Fundaci\u00f3n Santa Rita de Casia con una donaci\u00f3n y contribuye a crear un impacto social positivo.","breadcrumb":{"@id":"https:\/\/www.fondazionesantarita.org\/es\/ayudanos\/haz-una-donacion#breadcrumb"},"inLanguage":"es-ES","potentialAction":[{"@type":"ReadAction","target":["https:\/\/www.fondazionesantarita.org\/es\/ayudanos\/haz-una-donacion"]}]},{"@type":"BreadcrumbList","@id":"https:\/\/www.fondazionesantarita.org\/es\/ayudanos\/haz-una-donacion#breadcrumb","itemListElement":[{"@type":"ListItem","position":1,"name":"Home","item":"https:\/\/www.fondazionesantarita.org\/es"},{"@type":"ListItem","position":2,"name":"Ay\u00fadanos","item":"https:\/\/www.fondazionesantarita.org\/es\/ayudanos"},{"@type":"ListItem","position":3,"name":"Haz una donaci\u00f3n"}]},{"@type":"WebSite","@id":"https:\/\/www.fondazionesantarita.org\/#website","url":"https:\/\/www.fondazionesantarita.org\/","name":"Fondazione Santa Rita","description":"","potentialAction":[{"@type":"SearchAction","target":{"@type":"EntryPoint","urlTemplate":"https:\/\/www.fondazionesantarita.org\/?s={search_term_string}"},"query-input":"required name=search_term_string"}],"inLanguage":"es-ES"}]}},"gblocks":null,"breadcrumbs":[{"label":"Home","type":"page","url":"\/","position":1,"id":"https:\/\/www.fondazionesantarita.org","name":"Home"},{"label":"es","type":null,"url":"\/es","position":2,"id":"https:\/\/www.fondazionesantarita.org\/es","name":"es"},{"label":"Ay\u00fadanos","type":"page","url":"\/es\/ayudanos","position":3,"id":"https:\/\/www.fondazionesantarita.org\/es\/ayudanos","name":"Ay\u00fadanos"},{"label":"Haz una donaci\u00f3n","type":"page","url":"\/es\/ayudanos\/haz-una-donacion","position":4,"id":"https:\/\/www.fondazionesantarita.org\/es\/ayudanos\/haz-una-donacion","name":"Haz una donaci\u00f3n"}],"seo_meta":false,"_links":{"self":[{"href":"https:\/\/www.fondazionesantarita.org\/es\/wp-json\/wp\/v2\/pages\/5147","targetHints":{"allow":["GET"]}}],"collection":[{"href":"https:\/\/www.fondazionesantarita.org\/es\/wp-json\/wp\/v2\/pages"}],"about":[{"href":"https:\/\/www.fondazionesantarita.org\/es\/wp-json\/wp\/v2\/types\/page"}],"author":[{"embeddable":true,"href":"https:\/\/www.fondazionesantarita.org\/es\/wp-json\/wp\/v2\/users\/1"}],"replies":[{"embeddable":true,"href":"https:\/\/www.fondazionesantarita.org\/es\/wp-json\/wp\/v2\/comments?post=5147"}],"version-history":[{"count":5,"href":"https:\/\/www.fondazionesantarita.org\/es\/wp-json\/wp\/v2\/pages\/5147\/revisions"}],"predecessor-version":[{"id":5931,"href":"https:\/\/www.fondazionesantarita.org\/es\/wp-json\/wp\/v2\/pages\/5147\/revisions\/5931"}],"up":[{"embeddable":true,"href":"https:\/\/www.fondazionesantarita.org\/es\/wp-json\/wp\/v2\/pages\/5143"}],"wp:attachment":[{"href":"https:\/\/www.fondazionesantarita.org\/es\/wp-json\/wp\/v2\/media?parent=5147"}],"curies":[{"name":"wp","href":"https:\/\/api.w.org\/{rel}","templated":true}]}}