{"id":5139,"date":"2025-06-26T15:05:14","date_gmt":"2025-06-26T15:05:14","guid":{"rendered":"https:\/\/www.fondazionesantarita.org\/proponi-il-tuo-progetto"},"modified":"2026-03-06T08:50:12","modified_gmt":"2026-03-06T08:50:12","slug":"propone-tu-proyecto","status":"publish","type":"page","link":"https:\/\/www.fondazionesantarita.org\/es\/propone-tu-proyecto","title":{"rendered":"Propone un proyecto"},"content":{"rendered":"\n<h2 class=\"wp-block-heading\"><strong>Propone tu proyecto<\/strong><\/h2>\n\n\n\n<p><\/p>\n\n\n\n<p><strong><strong>\u00bfTienes un proyecto solidario y buscas un aliado para hacerlo realidad?<\/strong><\/strong><br>La Fundaci\u00f3n Santa Rita de Casia est\u00e1 lista para escucharte.<\/p>\n\n\n\n<p>Apoyamos iniciativas que promuevan el bien com\u00fan y reduzcan las desigualdades, con especial atenci\u00f3n a quienes viven situaciones de fragilidad: personas enfermas, marginadas, solas o en dificultad econ\u00f3mica y social. Un compromiso inspirado en la doctrina social de la Iglesia y en los Objetivos de Desarrollo Sostenible de la Agenda 2030. <\/p>\n\n\n\n<p>Actuamos a favor de los m\u00e1s vulnerables, dondequiera que se encuentren. Creemos en la importancia de garantizar a los ni\u00f1os y j\u00f3venes las mismas oportunidades, ofreciendo apoyo concreto en temas como:<\/p>\n\n\n\n<ul class=\"wp-block-list\">\n<li>protecci\u00f3n de la infancia<\/li>\n\n\n\n<li>seguridad alimentaria<\/li>\n\n\n\n<li>discapacidad y dependencia<\/li>\n\n\n\n<li>servicios socio-sanitarios<\/li>\n\n\n\n<li>educaci\u00f3n y formaci\u00f3n<\/li>\n\n\n\n<li>acogida de refugiados e inmigrantes<\/li>\n<\/ul>\n\n\n\n<p>Si tu proyecto responde a estos objetivos, cu\u00e9ntanoslo. Cada propuesta ser\u00e1 evaluada con atenci\u00f3n y respeto.<\/p>\n\n\n\n<p><strong><strong>Qui\u00e9n puede presentar la solicitud<\/strong><\/strong><br>Pueden presentar su candidatura entidades legalmente constituidas como:<\/p>\n\n\n\n<ul class=\"wp-block-list\">\n<li>Entidades religiosas y misioneras<\/li>\n\n\n\n<li>Entidades del Tercer Sector (ETS)<\/li>\n\n\n\n<li>ONG (Onlus), cooperativas e empresas sociales<\/li>\n\n\n\n<li>Otras entidades sin \u00e1nimo de lucro<\/li>\n<\/ul>\n\n\n\n<p><strong><strong>Documentos solicitados<\/strong><\/strong><\/p>\n\n\n\n<ul class=\"wp-block-list\">\n<li>Carta en papel con membrete, firmada y sellada por el Representante Legal de la entidad solicitante, que incluya el t\u00edtulo del proyecto, la ayuda solicitada y la justificaci\u00f3n del mismo.<\/li>\n<\/ul>\n\n\n\n<p>La Fundaci\u00f3n se reserva el derecho de solicitar cualquier documentaci\u00f3n adicional que considere necesaria.<\/p>\n\n\n\n<p><strong><strong>Escr\u00edbenos, juntos podemos marcar la diferencia<\/strong>.<\/strong><\/p>\n\n\n\n<p><\/p>\n\n\n\n<p><\/p>\n","protected":false},"excerpt":{"rendered":"<p>Propone tu proyecto \u00bfTienes un proyecto solidario y buscas un aliado para hacerlo realidad?La Fundaci\u00f3n Santa Rita de Casia est\u00e1 lista para escucharte. Apoyamos iniciativas que promuevan el bien com\u00fan y reduzcan las desigualdades, con especial atenci\u00f3n a quienes viven situaciones de fragilidad: personas enfermas, marginadas, solas o en dificultad econ\u00f3mica y social. Un compromiso<a href=\"https:\/\/www.fondazionesantarita.org\/es\/propone-tu-proyecto\">\u2026<\/a><\/p>\n","protected":false},"author":4,"featured_media":1210,"parent":0,"menu_order":0,"comment_status":"closed","ping_status":"closed","template":"template-custom.blade.php","meta":{"footnotes":""},"class_list":["post-5139","page","type-page","status-publish","has-post-thumbnail","hentry"],"acf":false,"yoast_head":"<!-- This site is optimized with the Yoast SEO plugin v19.14 - https:\/\/yoast.com\/wordpress\/plugins\/seo\/ -->\n<title>Propone un proyecto - Fondazione Santa Rita<\/title>\n<meta name=\"robots\" content=\"index, follow, max-snippet:-1, max-image-preview:large, max-video-preview:-1\" \/>\n<link rel=\"canonical\" href=\"https:\/\/www.fondazionesantarita.org\/es\/propone-tu-proyecto\" \/>\n<meta property=\"og:locale\" content=\"es_ES\" \/>\n<meta property=\"og:type\" content=\"article\" \/>\n<meta property=\"og:title\" content=\"Propone un proyecto - Fondazione Santa Rita\" \/>\n<meta property=\"og:description\" content=\"Propone tu proyecto \u00bfTienes un proyecto solidario y buscas un aliado para hacerlo realidad?La Fundaci\u00f3n Santa Rita de Casia est\u00e1 lista para escucharte. Apoyamos iniciativas que promuevan el bien com\u00fan y reduzcan las desigualdades, con especial atenci\u00f3n a quienes viven situaciones de fragilidad: personas enfermas, marginadas, solas o en dificultad econ\u00f3mica y social. Un compromiso\u2026\" \/>\n<meta property=\"og:url\" content=\"https:\/\/www.fondazionesantarita.org\/es\/propone-tu-proyecto\" \/>\n<meta property=\"og:site_name\" content=\"Fondazione Santa Rita\" \/>\n<meta property=\"article:modified_time\" content=\"2026-03-06T08:50:12+00:00\" \/>\n<meta property=\"og:image\" content=\"https:\/\/www.fondazionesantarita.org\/uploads\/2025\/02\/post-body-image.jpg\" \/>\n\t<meta property=\"og:image:width\" content=\"1771\" \/>\n\t<meta property=\"og:image:height\" content=\"1044\" \/>\n\t<meta property=\"og:image:type\" content=\"image\/jpeg\" \/>\n<meta name=\"twitter:card\" content=\"summary_large_image\" \/>\n<meta name=\"twitter:label1\" content=\"Est. reading time\" \/>\n\t<meta name=\"twitter:data1\" content=\"1 minute\" \/>\n<script type=\"application\/ld+json\" class=\"yoast-schema-graph\">{\"@context\":\"https:\/\/schema.org\",\"@graph\":[{\"@type\":\"WebPage\",\"@id\":\"https:\/\/www.fondazionesantarita.org\/es\/propone-tu-proyecto\",\"url\":\"https:\/\/www.fondazionesantarita.org\/es\/propone-tu-proyecto\",\"name\":\"Propone un proyecto - Fondazione Santa Rita\",\"isPartOf\":{\"@id\":\"https:\/\/www.fondazionesantarita.org\/#website\"},\"datePublished\":\"2025-06-26T15:05:14+00:00\",\"dateModified\":\"2026-03-06T08:50:12+00:00\",\"breadcrumb\":{\"@id\":\"https:\/\/www.fondazionesantarita.org\/es\/propone-tu-proyecto#breadcrumb\"},\"inLanguage\":\"es-ES\",\"potentialAction\":[{\"@type\":\"ReadAction\",\"target\":[\"https:\/\/www.fondazionesantarita.org\/es\/propone-tu-proyecto\"]}]},{\"@type\":\"BreadcrumbList\",\"@id\":\"https:\/\/www.fondazionesantarita.org\/es\/propone-tu-proyecto#breadcrumb\",\"itemListElement\":[{\"@type\":\"ListItem\",\"position\":1,\"name\":\"Home\",\"item\":\"https:\/\/www.fondazionesantarita.org\/es\"},{\"@type\":\"ListItem\",\"position\":2,\"name\":\"Propone un proyecto\"}]},{\"@type\":\"WebSite\",\"@id\":\"https:\/\/www.fondazionesantarita.org\/#website\",\"url\":\"https:\/\/www.fondazionesantarita.org\/\",\"name\":\"Fondazione Santa Rita\",\"description\":\"\",\"potentialAction\":[{\"@type\":\"SearchAction\",\"target\":{\"@type\":\"EntryPoint\",\"urlTemplate\":\"https:\/\/www.fondazionesantarita.org\/?s={search_term_string}\"},\"query-input\":\"required name=search_term_string\"}],\"inLanguage\":\"es-ES\"}]}<\/script>\n<!-- \/ Yoast SEO plugin. -->","yoast_head_json":{"title":"Propone un proyecto - Fondazione Santa Rita","robots":{"index":"index","follow":"follow","max-snippet":"max-snippet:-1","max-image-preview":"max-image-preview:large","max-video-preview":"max-video-preview:-1"},"canonical":"https:\/\/www.fondazionesantarita.org\/es\/propone-tu-proyecto","og_locale":"es_ES","og_type":"article","og_title":"Propone un proyecto - Fondazione Santa Rita","og_description":"Propone tu proyecto \u00bfTienes un proyecto solidario y buscas un aliado para hacerlo realidad?La Fundaci\u00f3n Santa Rita de Casia est\u00e1 lista para escucharte. Apoyamos iniciativas que promuevan el bien com\u00fan y reduzcan las desigualdades, con especial atenci\u00f3n a quienes viven situaciones de fragilidad: personas enfermas, marginadas, solas o en dificultad econ\u00f3mica y social. Un compromiso\u2026","og_url":"https:\/\/www.fondazionesantarita.org\/es\/propone-tu-proyecto","og_site_name":"Fondazione Santa Rita","article_modified_time":"2026-03-06T08:50:12+00:00","og_image":[{"width":1771,"height":1044,"url":"https:\/\/www.fondazionesantarita.org\/uploads\/2025\/02\/post-body-image.jpg","type":"image\/jpeg"}],"twitter_card":"summary_large_image","twitter_misc":{"Est. reading time":"1 minute"},"schema":{"@context":"https:\/\/schema.org","@graph":[{"@type":"WebPage","@id":"https:\/\/www.fondazionesantarita.org\/es\/propone-tu-proyecto","url":"https:\/\/www.fondazionesantarita.org\/es\/propone-tu-proyecto","name":"Propone un proyecto - Fondazione Santa Rita","isPartOf":{"@id":"https:\/\/www.fondazionesantarita.org\/#website"},"datePublished":"2025-06-26T15:05:14+00:00","dateModified":"2026-03-06T08:50:12+00:00","breadcrumb":{"@id":"https:\/\/www.fondazionesantarita.org\/es\/propone-tu-proyecto#breadcrumb"},"inLanguage":"es-ES","potentialAction":[{"@type":"ReadAction","target":["https:\/\/www.fondazionesantarita.org\/es\/propone-tu-proyecto"]}]},{"@type":"BreadcrumbList","@id":"https:\/\/www.fondazionesantarita.org\/es\/propone-tu-proyecto#breadcrumb","itemListElement":[{"@type":"ListItem","position":1,"name":"Home","item":"https:\/\/www.fondazionesantarita.org\/es"},{"@type":"ListItem","position":2,"name":"Propone un proyecto"}]},{"@type":"WebSite","@id":"https:\/\/www.fondazionesantarita.org\/#website","url":"https:\/\/www.fondazionesantarita.org\/","name":"Fondazione Santa Rita","description":"","potentialAction":[{"@type":"SearchAction","target":{"@type":"EntryPoint","urlTemplate":"https:\/\/www.fondazionesantarita.org\/?s={search_term_string}"},"query-input":"required name=search_term_string"}],"inLanguage":"es-ES"}]}},"gblocks":[{"blockName":"core\/heading","attrs":[],"innerBlocks":[],"innerHTML":"\n<h2 class=\"wp-block-heading\"><strong>Propone tu proyecto<\/strong><\/h2>\n","innerContent":["\n<h2 class=\"wp-block-heading\"><strong>Propone tu proyecto<\/strong><\/h2>\n"]},{"blockName":null,"attrs":[],"innerBlocks":[],"innerHTML":"\n\n","innerContent":["\n\n"]},{"blockName":"core\/paragraph","attrs":[],"innerBlocks":[],"innerHTML":"\n<p><\/p>\n","innerContent":["\n<p><\/p>\n"]},{"blockName":null,"attrs":[],"innerBlocks":[],"innerHTML":"\n\n","innerContent":["\n\n"]},{"blockName":"core\/paragraph","attrs":[],"innerBlocks":[],"innerHTML":"\n<p><strong><strong>\u00bfTienes un proyecto solidario y buscas un aliado para hacerlo realidad?<\/strong><\/strong><br>La Fundaci\u00f3n Santa Rita de Casia est\u00e1 lista para escucharte.<\/p>\n","innerContent":["\n<p><strong><strong>\u00bfTienes un proyecto solidario y buscas un aliado para hacerlo realidad?<\/strong><\/strong><br>La Fundaci\u00f3n Santa Rita de Casia est\u00e1 lista para escucharte.<\/p>\n"]},{"blockName":null,"attrs":[],"innerBlocks":[],"innerHTML":"\n\n","innerContent":["\n\n"]},{"blockName":"core\/paragraph","attrs":[],"innerBlocks":[],"innerHTML":"\n<p>Apoyamos iniciativas que promuevan el bien com\u00fan y reduzcan las desigualdades, con especial atenci\u00f3n a quienes viven situaciones de fragilidad: personas enfermas, marginadas, solas o en dificultad econ\u00f3mica y social. Un compromiso inspirado en la doctrina social de la Iglesia y en los Objetivos de Desarrollo Sostenible de la Agenda 2030. <\/p>\n","innerContent":["\n<p>Apoyamos iniciativas que promuevan el bien com\u00fan y reduzcan las desigualdades, con especial atenci\u00f3n a quienes viven situaciones de fragilidad: personas enfermas, marginadas, solas o en dificultad econ\u00f3mica y social. Un compromiso inspirado en la doctrina social de la Iglesia y en los Objetivos de Desarrollo Sostenible de la Agenda 2030. <\/p>\n"]},{"blockName":null,"attrs":[],"innerBlocks":[],"innerHTML":"\n\n","innerContent":["\n\n"]},{"blockName":"core\/paragraph","attrs":[],"innerBlocks":[],"innerHTML":"\n<p>Actuamos a favor de los m\u00e1s vulnerables, dondequiera que se encuentren. Creemos en la importancia de garantizar a los ni\u00f1os y j\u00f3venes las mismas oportunidades, ofreciendo apoyo concreto en temas como:<\/p>\n","innerContent":["\n<p>Actuamos a favor de los m\u00e1s vulnerables, dondequiera que se encuentren. Creemos en la importancia de garantizar a los ni\u00f1os y j\u00f3venes las mismas oportunidades, ofreciendo apoyo concreto en temas como:<\/p>\n"]},{"blockName":null,"attrs":[],"innerBlocks":[],"innerHTML":"\n\n","innerContent":["\n\n"]},{"blockName":"core\/list","attrs":[],"innerBlocks":[{"blockName":"core\/list-item","attrs":[],"innerBlocks":[],"innerHTML":"\n<li>protecci\u00f3n de la infancia<\/li>\n","innerContent":["\n<li>protecci\u00f3n de la infancia<\/li>\n"]},{"blockName":"core\/list-item","attrs":[],"innerBlocks":[],"innerHTML":"\n<li>seguridad alimentaria<\/li>\n","innerContent":["\n<li>seguridad alimentaria<\/li>\n"]},{"blockName":"core\/list-item","attrs":[],"innerBlocks":[],"innerHTML":"\n<li>discapacidad y dependencia<\/li>\n","innerContent":["\n<li>discapacidad y dependencia<\/li>\n"]},{"blockName":"core\/list-item","attrs":[],"innerBlocks":[],"innerHTML":"\n<li>servicios socio-sanitarios<\/li>\n","innerContent":["\n<li>servicios socio-sanitarios<\/li>\n"]},{"blockName":"core\/list-item","attrs":[],"innerBlocks":[],"innerHTML":"\n<li>educaci\u00f3n y formaci\u00f3n<\/li>\n","innerContent":["\n<li>educaci\u00f3n y formaci\u00f3n<\/li>\n"]},{"blockName":"core\/list-item","attrs":[],"innerBlocks":[],"innerHTML":"\n<li>acogida de refugiados e inmigrantes<\/li>\n","innerContent":["\n<li>acogida de refugiados e inmigrantes<\/li>\n"]}],"innerHTML":"\n<ul class=\"wp-block-list\">\n\n\n\n\n\n\n\n\n\n<\/ul>\n","innerContent":["\n<ul class=\"wp-block-list\">",null,"\n\n",null,"\n\n",null,"\n\n",null,"\n\n",null,"\n\n",null,"<\/ul>\n"]},{"blockName":null,"attrs":[],"innerBlocks":[],"innerHTML":"\n\n","innerContent":["\n\n"]},{"blockName":"core\/paragraph","attrs":[],"innerBlocks":[],"innerHTML":"\n<p>Si tu proyecto responde a estos objetivos, cu\u00e9ntanoslo. Cada propuesta ser\u00e1 evaluada con atenci\u00f3n y respeto.<\/p>\n","innerContent":["\n<p>Si tu proyecto responde a estos objetivos, cu\u00e9ntanoslo. Cada propuesta ser\u00e1 evaluada con atenci\u00f3n y respeto.<\/p>\n"]},{"blockName":null,"attrs":[],"innerBlocks":[],"innerHTML":"\n\n","innerContent":["\n\n"]},{"blockName":"core\/paragraph","attrs":[],"innerBlocks":[],"innerHTML":"\n<p><strong><strong>Qui\u00e9n puede presentar la solicitud<\/strong><\/strong><br>Pueden presentar su candidatura entidades legalmente constituidas como:<\/p>\n","innerContent":["\n<p><strong><strong>Qui\u00e9n puede presentar la solicitud<\/strong><\/strong><br>Pueden presentar su candidatura entidades legalmente constituidas como:<\/p>\n"]},{"blockName":null,"attrs":[],"innerBlocks":[],"innerHTML":"\n\n","innerContent":["\n\n"]},{"blockName":"core\/list","attrs":[],"innerBlocks":[{"blockName":"core\/list-item","attrs":[],"innerBlocks":[],"innerHTML":"\n<li>Entidades religiosas y misioneras<\/li>\n","innerContent":["\n<li>Entidades religiosas y misioneras<\/li>\n"]},{"blockName":"core\/list-item","attrs":[],"innerBlocks":[],"innerHTML":"\n<li>Entidades del Tercer Sector (ETS)<\/li>\n","innerContent":["\n<li>Entidades del Tercer Sector (ETS)<\/li>\n"]},{"blockName":"core\/list-item","attrs":[],"innerBlocks":[],"innerHTML":"\n<li>ONG (Onlus), cooperativas e empresas sociales<\/li>\n","innerContent":["\n<li>ONG (Onlus), cooperativas e empresas sociales<\/li>\n"]},{"blockName":"core\/list-item","attrs":[],"innerBlocks":[],"innerHTML":"\n<li>Otras entidades sin \u00e1nimo de lucro<\/li>\n","innerContent":["\n<li>Otras entidades sin \u00e1nimo de lucro<\/li>\n"]}],"innerHTML":"\n<ul class=\"wp-block-list\">\n\n\n\n\n\n<\/ul>\n","innerContent":["\n<ul class=\"wp-block-list\">",null,"\n\n",null,"\n\n",null,"\n\n",null,"<\/ul>\n"]},{"blockName":null,"attrs":[],"innerBlocks":[],"innerHTML":"\n\n","innerContent":["\n\n"]},{"blockName":"core\/paragraph","attrs":[],"innerBlocks":[],"innerHTML":"\n<p><strong><strong>Documentos solicitados<\/strong><\/strong><\/p>\n","innerContent":["\n<p><strong><strong>Documentos solicitados<\/strong><\/strong><\/p>\n"]},{"blockName":null,"attrs":[],"innerBlocks":[],"innerHTML":"\n\n","innerContent":["\n\n"]},{"blockName":"core\/list","attrs":[],"innerBlocks":[{"blockName":"core\/list-item","attrs":[],"innerBlocks":[],"innerHTML":"\n<li>Carta en papel con membrete, firmada y sellada por el Representante Legal de la entidad solicitante, que incluya el t\u00edtulo del proyecto, la ayuda solicitada y la justificaci\u00f3n del mismo.<\/li>\n","innerContent":["\n<li>Carta en papel con membrete, firmada y sellada por el Representante Legal de la entidad solicitante, que incluya el t\u00edtulo del proyecto, la ayuda solicitada y la justificaci\u00f3n del mismo.<\/li>\n"]}],"innerHTML":"\n<ul class=\"wp-block-list\"><\/ul>\n","innerContent":["\n<ul class=\"wp-block-list\">",null,"<\/ul>\n"]},{"blockName":null,"attrs":[],"innerBlocks":[],"innerHTML":"\n\n","innerContent":["\n\n"]},{"blockName":"core\/paragraph","attrs":[],"innerBlocks":[],"innerHTML":"\n<p>La Fundaci\u00f3n se reserva el derecho de solicitar cualquier documentaci\u00f3n adicional que considere necesaria.<\/p>\n","innerContent":["\n<p>La Fundaci\u00f3n se reserva el derecho de solicitar cualquier documentaci\u00f3n adicional que considere necesaria.<\/p>\n"]},{"blockName":null,"attrs":[],"innerBlocks":[],"innerHTML":"\n\n","innerContent":["\n\n"]},{"blockName":"core\/paragraph","attrs":[],"innerBlocks":[],"innerHTML":"\n<p><strong><strong>Escr\u00edbenos, juntos podemos marcar la diferencia<\/strong>.<\/strong><\/p>\n","innerContent":["\n<p><strong><strong>Escr\u00edbenos, juntos podemos marcar la diferencia<\/strong>.<\/strong><\/p>\n"]},{"blockName":null,"attrs":[],"innerBlocks":[],"innerHTML":"\n\n","innerContent":["\n\n"]},{"blockName":"core\/paragraph","attrs":[],"innerBlocks":[],"innerHTML":"\n<p><\/p>\n","innerContent":["\n<p><\/p>\n"]},{"blockName":null,"attrs":[],"innerBlocks":[],"innerHTML":"\n\n","innerContent":["\n\n"]},{"blockName":"core\/paragraph","attrs":[],"innerBlocks":[],"innerHTML":"\n<p><\/p>\n","innerContent":["\n<p><\/p>\n"]}],"breadcrumbs":[{"label":"Home","type":"page","url":"\/","position":1,"id":"https:\/\/www.fondazionesantarita.org","name":"Home"},{"label":"es","type":null,"url":"\/es","position":2,"id":"https:\/\/www.fondazionesantarita.org\/es","name":"es"},{"label":"Propone un proyecto","type":"page","url":"\/es\/propone-tu-proyecto","position":3,"id":"https:\/\/www.fondazionesantarita.org\/es\/propone-tu-proyecto","name":"Propone un proyecto"}],"seo_meta":false,"_links":{"self":[{"href":"https:\/\/www.fondazionesantarita.org\/es\/wp-json\/wp\/v2\/pages\/5139","targetHints":{"allow":["GET"]}}],"collection":[{"href":"https:\/\/www.fondazionesantarita.org\/es\/wp-json\/wp\/v2\/pages"}],"about":[{"href":"https:\/\/www.fondazionesantarita.org\/es\/wp-json\/wp\/v2\/types\/page"}],"author":[{"embeddable":true,"href":"https:\/\/www.fondazionesantarita.org\/es\/wp-json\/wp\/v2\/users\/4"}],"replies":[{"embeddable":true,"href":"https:\/\/www.fondazionesantarita.org\/es\/wp-json\/wp\/v2\/comments?post=5139"}],"version-history":[{"count":13,"href":"https:\/\/www.fondazionesantarita.org\/es\/wp-json\/wp\/v2\/pages\/5139\/revisions"}],"predecessor-version":[{"id":6087,"href":"https:\/\/www.fondazionesantarita.org\/es\/wp-json\/wp\/v2\/pages\/5139\/revisions\/6087"}],"wp:featuredmedia":[{"embeddable":true,"href":"https:\/\/www.fondazionesantarita.org\/es\/wp-json\/wp\/v2\/media\/1210"}],"wp:attachment":[{"href":"https:\/\/www.fondazionesantarita.org\/es\/wp-json\/wp\/v2\/media?parent=5139"}],"curies":[{"name":"wp","href":"https:\/\/api.w.org\/{rel}","templated":true}]}}