{"id":5125,"date":"2025-09-25T08:54:12","date_gmt":"2025-09-25T08:54:12","guid":{"rendered":"https:\/\/www.fondazionesantarita.org\/contatti"},"modified":"2026-02-19T14:06:31","modified_gmt":"2026-02-19T14:06:31","slug":"contactos","status":"publish","type":"page","link":"https:\/\/www.fondazionesantarita.org\/es\/contactos","title":{"rendered":"Contactos"},"content":{"rendered":"\n<p><strong>Sede operativa<\/strong><\/p>\n\n\n\n<p>Via Francesco Massi, 12D <\/p>\n\n\n\n<p>00152 Roma Italia<\/p>\n\n\n\n<p>tel. + 39 0639674099<\/p>\n\n\n\n<hr class=\"wp-block-separator has-alpha-channel-opacity is-style-dots\"\/>\n\n\n\n<p><strong>Servicio donantes<\/strong>:<\/p>\n\n\n\n<p>de lunes a viernes, desde las 9.00 hasta las 13.00 horas<\/p>\n\n\n\n<ul class=\"wp-block-list\">\n<li><a href=\"mailto:donatori@fondazionesantarita.org\" target=\"_blank\" rel=\"noreferrer noopener\">donatori@fondazionesantarita.org<\/a><\/li>\n\n\n\n<li>tel. +39 0639674099<\/li>\n\n\n\n<li>m\u00f3vil\u00a0+39 3491646550<\/li>\n<\/ul>\n\n\n\n<p><strong>Voluntarios<\/strong>:<\/p>\n\n\n\n<p>para m\u00e1s informaci\u00f3n, env\u00edanos un mensaje por WhatsApp y nos pondremos en contacto contigo telef\u00f3nicamente<\/p>\n\n\n\n<ul class=\"wp-block-list\">\n<li><a href=\"mailto:volontari@fondazionesantarita.org\" target=\"_blank\" rel=\"noreferrer noopener\">volontari@fondazionesantarita.org<\/a><\/li>\n\n\n\n<li>+39 351 399 0648&nbsp;<\/li>\n<\/ul>\n\n\n\n<p><strong><strong>Empresas<\/strong><\/strong>:<\/p>\n\n\n\n<ul class=\"wp-block-list\">\n<li><a href=\"mailto:aziende@fondazionesantarita.org\" target=\"_blank\" rel=\"noreferrer noopener\">aziende@fondazionesantarita.org<\/a>  <\/li>\n<\/ul>\n\n\n\n<p><br><strong><strong>Oficina proyectos<\/strong><\/strong>:<\/p>\n\n\n\n<ul class=\"wp-block-list\">\n<li><a href=\"mailto:progetti@fondazionesantarita.org\" target=\"_blank\" rel=\"noreferrer noopener\">progetti@fondazionesantarita.org<\/a><\/li>\n<\/ul>\n\n\n\n<p><strong><strong>Oficina de prensa<\/strong><\/strong><\/p>\n\n\n\n<ul class=\"wp-block-list\">\n<li><a href=\"mailto:ufficiostampa@fondazionesantarita.org\" target=\"_blank\" rel=\"noreferrer noopener\">ufficiostampa@fondazionesantarita.org<\/a><\/li>\n<\/ul>\n\n\n\n<p><\/p>\n","protected":false},"excerpt":{"rendered":"<p>Sede operativa Via Francesco Massi, 12D 00152 Roma Italia tel. + 39 0639674099 Servicio donantes: de lunes a viernes, desde las 9.00 hasta las 13.00 horas Voluntarios: para m\u00e1s informaci\u00f3n, env\u00edanos un mensaje por WhatsApp y nos pondremos en contacto contigo telef\u00f3nicamente Empresas: Oficina proyectos: Oficina de prensa<\/p>\n","protected":false},"author":4,"featured_media":0,"parent":0,"menu_order":0,"comment_status":"closed","ping_status":"closed","template":"template-custom.blade.php","meta":{"footnotes":""},"class_list":["post-5125","page","type-page","status-publish","hentry"],"acf":false,"yoast_head":"<!-- This site is optimized with the Yoast SEO plugin v19.14 - https:\/\/yoast.com\/wordpress\/plugins\/seo\/ -->\n<title>Contactos - Fundaci\u00f3n Santa Rita de Casia<\/title>\n<meta name=\"description\" content=\"Entra en contacto con la Fundaci\u00f3n Santa Rita de Casia para obtener informaci\u00f3n sobre los proyectos, colaboraciones o donaciones.\" \/>\n<meta name=\"robots\" content=\"index, follow, max-snippet:-1, max-image-preview:large, max-video-preview:-1\" \/>\n<link rel=\"canonical\" href=\"https:\/\/www.fondazionesantarita.org\/es\/contactos\" \/>\n<meta property=\"og:locale\" content=\"es_ES\" \/>\n<meta property=\"og:type\" content=\"article\" \/>\n<meta property=\"og:title\" content=\"Contactos - Fundaci\u00f3n Santa Rita de Casia\" \/>\n<meta property=\"og:description\" content=\"Entra en contacto con la Fundaci\u00f3n Santa Rita de Casia para obtener informaci\u00f3n sobre los proyectos, colaboraciones o donaciones.\" \/>\n<meta property=\"og:url\" content=\"https:\/\/www.fondazionesantarita.org\/es\/contactos\" \/>\n<meta property=\"og:site_name\" content=\"Fondazione Santa Rita\" \/>\n<meta property=\"article:modified_time\" content=\"2026-02-19T14:06:31+00:00\" \/>\n<meta name=\"twitter:card\" content=\"summary_large_image\" \/>\n<script type=\"application\/ld+json\" class=\"yoast-schema-graph\">{\"@context\":\"https:\/\/schema.org\",\"@graph\":[{\"@type\":\"WebPage\",\"@id\":\"https:\/\/www.fondazionesantarita.org\/es\/contactos\",\"url\":\"https:\/\/www.fondazionesantarita.org\/es\/contactos\",\"name\":\"Contactos - Fundaci\u00f3n Santa Rita de Casia\",\"isPartOf\":{\"@id\":\"https:\/\/www.fondazionesantarita.org\/#website\"},\"datePublished\":\"2025-09-25T08:54:12+00:00\",\"dateModified\":\"2026-02-19T14:06:31+00:00\",\"description\":\"Entra en contacto con la Fundaci\u00f3n Santa Rita de Casia para obtener informaci\u00f3n sobre los proyectos, colaboraciones o donaciones.\",\"breadcrumb\":{\"@id\":\"https:\/\/www.fondazionesantarita.org\/es\/contactos#breadcrumb\"},\"inLanguage\":\"es-ES\",\"potentialAction\":[{\"@type\":\"ReadAction\",\"target\":[\"https:\/\/www.fondazionesantarita.org\/es\/contactos\"]}]},{\"@type\":\"BreadcrumbList\",\"@id\":\"https:\/\/www.fondazionesantarita.org\/es\/contactos#breadcrumb\",\"itemListElement\":[{\"@type\":\"ListItem\",\"position\":1,\"name\":\"Home\",\"item\":\"https:\/\/www.fondazionesantarita.org\/es\"},{\"@type\":\"ListItem\",\"position\":2,\"name\":\"Contactos\"}]},{\"@type\":\"WebSite\",\"@id\":\"https:\/\/www.fondazionesantarita.org\/#website\",\"url\":\"https:\/\/www.fondazionesantarita.org\/\",\"name\":\"Fondazione Santa Rita\",\"description\":\"\",\"potentialAction\":[{\"@type\":\"SearchAction\",\"target\":{\"@type\":\"EntryPoint\",\"urlTemplate\":\"https:\/\/www.fondazionesantarita.org\/?s={search_term_string}\"},\"query-input\":\"required name=search_term_string\"}],\"inLanguage\":\"es-ES\"}]}<\/script>\n<!-- \/ Yoast SEO plugin. -->","yoast_head_json":{"title":"Contactos - Fundaci\u00f3n Santa Rita de Casia","description":"Entra en contacto con la Fundaci\u00f3n Santa Rita de Casia para obtener informaci\u00f3n sobre los proyectos, colaboraciones o donaciones.","robots":{"index":"index","follow":"follow","max-snippet":"max-snippet:-1","max-image-preview":"max-image-preview:large","max-video-preview":"max-video-preview:-1"},"canonical":"https:\/\/www.fondazionesantarita.org\/es\/contactos","og_locale":"es_ES","og_type":"article","og_title":"Contactos - Fundaci\u00f3n Santa Rita de Casia","og_description":"Entra en contacto con la Fundaci\u00f3n Santa Rita de Casia para obtener informaci\u00f3n sobre los proyectos, colaboraciones o donaciones.","og_url":"https:\/\/www.fondazionesantarita.org\/es\/contactos","og_site_name":"Fondazione Santa Rita","article_modified_time":"2026-02-19T14:06:31+00:00","twitter_card":"summary_large_image","schema":{"@context":"https:\/\/schema.org","@graph":[{"@type":"WebPage","@id":"https:\/\/www.fondazionesantarita.org\/es\/contactos","url":"https:\/\/www.fondazionesantarita.org\/es\/contactos","name":"Contactos - Fundaci\u00f3n Santa Rita de Casia","isPartOf":{"@id":"https:\/\/www.fondazionesantarita.org\/#website"},"datePublished":"2025-09-25T08:54:12+00:00","dateModified":"2026-02-19T14:06:31+00:00","description":"Entra en contacto con la Fundaci\u00f3n Santa Rita de Casia para obtener informaci\u00f3n sobre los proyectos, colaboraciones o donaciones.","breadcrumb":{"@id":"https:\/\/www.fondazionesantarita.org\/es\/contactos#breadcrumb"},"inLanguage":"es-ES","potentialAction":[{"@type":"ReadAction","target":["https:\/\/www.fondazionesantarita.org\/es\/contactos"]}]},{"@type":"BreadcrumbList","@id":"https:\/\/www.fondazionesantarita.org\/es\/contactos#breadcrumb","itemListElement":[{"@type":"ListItem","position":1,"name":"Home","item":"https:\/\/www.fondazionesantarita.org\/es"},{"@type":"ListItem","position":2,"name":"Contactos"}]},{"@type":"WebSite","@id":"https:\/\/www.fondazionesantarita.org\/#website","url":"https:\/\/www.fondazionesantarita.org\/","name":"Fondazione Santa Rita","description":"","potentialAction":[{"@type":"SearchAction","target":{"@type":"EntryPoint","urlTemplate":"https:\/\/www.fondazionesantarita.org\/?s={search_term_string}"},"query-input":"required name=search_term_string"}],"inLanguage":"es-ES"}]}},"gblocks":[{"blockName":"core\/paragraph","attrs":[],"innerBlocks":[],"innerHTML":"\n<p><strong>Sede operativa<\/strong><\/p>\n","innerContent":["\n<p><strong>Sede operativa<\/strong><\/p>\n"]},{"blockName":null,"attrs":[],"innerBlocks":[],"innerHTML":"\n\n","innerContent":["\n\n"]},{"blockName":"core\/paragraph","attrs":[],"innerBlocks":[],"innerHTML":"\n<p>Via Francesco Massi, 12D <\/p>\n","innerContent":["\n<p>Via Francesco Massi, 12D <\/p>\n"]},{"blockName":null,"attrs":[],"innerBlocks":[],"innerHTML":"\n\n","innerContent":["\n\n"]},{"blockName":"core\/paragraph","attrs":[],"innerBlocks":[],"innerHTML":"\n<p>00152 Roma Italia<\/p>\n","innerContent":["\n<p>00152 Roma Italia<\/p>\n"]},{"blockName":null,"attrs":[],"innerBlocks":[],"innerHTML":"\n\n","innerContent":["\n\n"]},{"blockName":"core\/paragraph","attrs":[],"innerBlocks":[],"innerHTML":"\n<p>tel. + 39 0639674099<\/p>\n","innerContent":["\n<p>tel. + 39 0639674099<\/p>\n"]},{"blockName":null,"attrs":[],"innerBlocks":[],"innerHTML":"\n\n","innerContent":["\n\n"]},{"blockName":"core\/separator","attrs":{"className":"is-style-dots"},"innerBlocks":[],"innerHTML":"\n<hr class=\"wp-block-separator has-alpha-channel-opacity is-style-dots\"\/>\n","innerContent":["\n<hr class=\"wp-block-separator has-alpha-channel-opacity is-style-dots\"\/>\n"]},{"blockName":null,"attrs":[],"innerBlocks":[],"innerHTML":"\n\n","innerContent":["\n\n"]},{"blockName":"core\/paragraph","attrs":[],"innerBlocks":[],"innerHTML":"\n<p><strong>Servicio donantes<\/strong>:<\/p>\n","innerContent":["\n<p><strong>Servicio donantes<\/strong>:<\/p>\n"]},{"blockName":null,"attrs":[],"innerBlocks":[],"innerHTML":"\n\n","innerContent":["\n\n"]},{"blockName":"core\/paragraph","attrs":[],"innerBlocks":[],"innerHTML":"\n<p>de lunes a viernes, desde las 9.00 hasta las 13.00 horas<\/p>\n","innerContent":["\n<p>de lunes a viernes, desde las 9.00 hasta las 13.00 horas<\/p>\n"]},{"blockName":null,"attrs":[],"innerBlocks":[],"innerHTML":"\n\n","innerContent":["\n\n"]},{"blockName":"core\/list","attrs":[],"innerBlocks":[{"blockName":"core\/list-item","attrs":[],"innerBlocks":[],"innerHTML":"\n<li><a href=\"mailto:donatori@fondazionesantarita.org\" target=\"_blank\" rel=\"noreferrer noopener\">donatori@fondazionesantarita.org<\/a><\/li>\n","innerContent":["\n<li><a href=\"mailto:donatori@fondazionesantarita.org\" target=\"_blank\" rel=\"noreferrer noopener\">donatori@fondazionesantarita.org<\/a><\/li>\n"]},{"blockName":"core\/list-item","attrs":[],"innerBlocks":[],"innerHTML":"\n<li>tel. +39 0639674099<\/li>\n","innerContent":["\n<li>tel. +39 0639674099<\/li>\n"]},{"blockName":"core\/list-item","attrs":[],"innerBlocks":[],"innerHTML":"\n<li>m\u00f3vil\u00a0+39 3491646550<\/li>\n","innerContent":["\n<li>m\u00f3vil\u00a0+39 3491646550<\/li>\n"]}],"innerHTML":"\n<ul class=\"wp-block-list\">\n\n\n\n<\/ul>\n","innerContent":["\n<ul class=\"wp-block-list\">",null,"\n\n",null,"\n\n",null,"<\/ul>\n"]},{"blockName":null,"attrs":[],"innerBlocks":[],"innerHTML":"\n\n","innerContent":["\n\n"]},{"blockName":"core\/paragraph","attrs":[],"innerBlocks":[],"innerHTML":"\n<p><strong>Voluntarios<\/strong>:<\/p>\n","innerContent":["\n<p><strong>Voluntarios<\/strong>:<\/p>\n"]},{"blockName":null,"attrs":[],"innerBlocks":[],"innerHTML":"\n\n","innerContent":["\n\n"]},{"blockName":"core\/paragraph","attrs":[],"innerBlocks":[],"innerHTML":"\n<p>para m\u00e1s informaci\u00f3n, env\u00edanos un mensaje por WhatsApp y nos pondremos en contacto contigo telef\u00f3nicamente<\/p>\n","innerContent":["\n<p>para m\u00e1s informaci\u00f3n, env\u00edanos un mensaje por WhatsApp y nos pondremos en contacto contigo telef\u00f3nicamente<\/p>\n"]},{"blockName":null,"attrs":[],"innerBlocks":[],"innerHTML":"\n\n","innerContent":["\n\n"]},{"blockName":"core\/list","attrs":[],"innerBlocks":[{"blockName":"core\/list-item","attrs":[],"innerBlocks":[],"innerHTML":"\n<li><a href=\"mailto:volontari@fondazionesantarita.org\" target=\"_blank\" rel=\"noreferrer noopener\">volontari@fondazionesantarita.org<\/a><\/li>\n","innerContent":["\n<li><a href=\"mailto:volontari@fondazionesantarita.org\" target=\"_blank\" rel=\"noreferrer noopener\">volontari@fondazionesantarita.org<\/a><\/li>\n"]},{"blockName":"core\/list-item","attrs":[],"innerBlocks":[],"innerHTML":"\n<li>+39 351 399 0648&nbsp;<\/li>\n","innerContent":["\n<li>+39 351 399 0648&nbsp;<\/li>\n"]}],"innerHTML":"\n<ul class=\"wp-block-list\">\n\n<\/ul>\n","innerContent":["\n<ul class=\"wp-block-list\">",null,"\n\n",null,"<\/ul>\n"]},{"blockName":null,"attrs":[],"innerBlocks":[],"innerHTML":"\n\n","innerContent":["\n\n"]},{"blockName":"core\/paragraph","attrs":[],"innerBlocks":[],"innerHTML":"\n<p><strong><strong>Empresas<\/strong><\/strong>:<\/p>\n","innerContent":["\n<p><strong><strong>Empresas<\/strong><\/strong>:<\/p>\n"]},{"blockName":null,"attrs":[],"innerBlocks":[],"innerHTML":"\n\n","innerContent":["\n\n"]},{"blockName":"core\/list","attrs":[],"innerBlocks":[{"blockName":"core\/list-item","attrs":[],"innerBlocks":[],"innerHTML":"\n<li><a href=\"mailto:aziende@fondazionesantarita.org\" target=\"_blank\" rel=\"noreferrer noopener\">aziende@fondazionesantarita.org<\/a>  <\/li>\n","innerContent":["\n<li><a href=\"mailto:aziende@fondazionesantarita.org\" target=\"_blank\" rel=\"noreferrer noopener\">aziende@fondazionesantarita.org<\/a>  <\/li>\n"]}],"innerHTML":"\n<ul class=\"wp-block-list\"><\/ul>\n","innerContent":["\n<ul class=\"wp-block-list\">",null,"<\/ul>\n"]},{"blockName":null,"attrs":[],"innerBlocks":[],"innerHTML":"\n\n","innerContent":["\n\n"]},{"blockName":"core\/paragraph","attrs":[],"innerBlocks":[],"innerHTML":"\n<p><br><strong><strong>Oficina proyectos<\/strong><\/strong>:<\/p>\n","innerContent":["\n<p><br><strong><strong>Oficina proyectos<\/strong><\/strong>:<\/p>\n"]},{"blockName":null,"attrs":[],"innerBlocks":[],"innerHTML":"\n\n","innerContent":["\n\n"]},{"blockName":"core\/list","attrs":[],"innerBlocks":[{"blockName":"core\/list-item","attrs":[],"innerBlocks":[],"innerHTML":"\n<li><a href=\"mailto:progetti@fondazionesantarita.org\" target=\"_blank\" rel=\"noreferrer noopener\">progetti@fondazionesantarita.org<\/a><\/li>\n","innerContent":["\n<li><a href=\"mailto:progetti@fondazionesantarita.org\" target=\"_blank\" rel=\"noreferrer noopener\">progetti@fondazionesantarita.org<\/a><\/li>\n"]}],"innerHTML":"\n<ul class=\"wp-block-list\"><\/ul>\n","innerContent":["\n<ul class=\"wp-block-list\">",null,"<\/ul>\n"]},{"blockName":null,"attrs":[],"innerBlocks":[],"innerHTML":"\n\n","innerContent":["\n\n"]},{"blockName":"core\/paragraph","attrs":[],"innerBlocks":[],"innerHTML":"\n<p><strong><strong>Oficina de prensa<\/strong><\/strong><\/p>\n","innerContent":["\n<p><strong><strong>Oficina de prensa<\/strong><\/strong><\/p>\n"]},{"blockName":null,"attrs":[],"innerBlocks":[],"innerHTML":"\n\n","innerContent":["\n\n"]},{"blockName":"core\/list","attrs":[],"innerBlocks":[{"blockName":"core\/list-item","attrs":[],"innerBlocks":[],"innerHTML":"\n<li><a href=\"mailto:ufficiostampa@fondazionesantarita.org\" target=\"_blank\" rel=\"noreferrer noopener\">ufficiostampa@fondazionesantarita.org<\/a><\/li>\n","innerContent":["\n<li><a href=\"mailto:ufficiostampa@fondazionesantarita.org\" target=\"_blank\" rel=\"noreferrer noopener\">ufficiostampa@fondazionesantarita.org<\/a><\/li>\n"]}],"innerHTML":"\n<ul class=\"wp-block-list\"><\/ul>\n","innerContent":["\n<ul class=\"wp-block-list\">",null,"<\/ul>\n"]},{"blockName":null,"attrs":[],"innerBlocks":[],"innerHTML":"\n\n","innerContent":["\n\n"]},{"blockName":"core\/paragraph","attrs":[],"innerBlocks":[],"innerHTML":"\n<p><\/p>\n","innerContent":["\n<p><\/p>\n"]}],"breadcrumbs":[{"label":"Home","type":"page","url":"\/","position":1,"id":"https:\/\/www.fondazionesantarita.org","name":"Home"},{"label":"es","type":null,"url":"\/es","position":2,"id":"https:\/\/www.fondazionesantarita.org\/es","name":"es"},{"label":"Contactos","type":"page","url":"\/es\/contactos","position":3,"id":"https:\/\/www.fondazionesantarita.org\/es\/contactos","name":"Contactos"}],"seo_meta":false,"_links":{"self":[{"href":"https:\/\/www.fondazionesantarita.org\/es\/wp-json\/wp\/v2\/pages\/5125","targetHints":{"allow":["GET"]}}],"collection":[{"href":"https:\/\/www.fondazionesantarita.org\/es\/wp-json\/wp\/v2\/pages"}],"about":[{"href":"https:\/\/www.fondazionesantarita.org\/es\/wp-json\/wp\/v2\/types\/page"}],"author":[{"embeddable":true,"href":"https:\/\/www.fondazionesantarita.org\/es\/wp-json\/wp\/v2\/users\/4"}],"replies":[{"embeddable":true,"href":"https:\/\/www.fondazionesantarita.org\/es\/wp-json\/wp\/v2\/comments?post=5125"}],"version-history":[{"count":4,"href":"https:\/\/www.fondazionesantarita.org\/es\/wp-json\/wp\/v2\/pages\/5125\/revisions"}],"predecessor-version":[{"id":5975,"href":"https:\/\/www.fondazionesantarita.org\/es\/wp-json\/wp\/v2\/pages\/5125\/revisions\/5975"}],"wp:attachment":[{"href":"https:\/\/www.fondazionesantarita.org\/es\/wp-json\/wp\/v2\/media?parent=5125"}],"curies":[{"name":"wp","href":"https:\/\/api.w.org\/{rel}","templated":true}]}}